{"id":55,"date":"2024-10-19T11:14:22","date_gmt":"2024-10-19T09:14:22","guid":{"rendered":"https:\/\/boutique.sleeplessnight.fr\/?post_type=product&#038;p=55"},"modified":"2025-03-06T08:57:10","modified_gmt":"2025-03-06T07:57:10","slug":"nuit-solidaire","status":"publish","type":"product","link":"https:\/\/boutique.sleeplessnight.fr\/?product=nuit-solidaire","title":{"rendered":"Nuit Solidaire"},"content":{"rendered":"<p>Pour chaque t-shirt achet\u00e9, nous nous engageons \u00e0 reverser 4\u20ac \u00e0 l&rsquo;Association Petits Princes sous forme de don. Ce produit inclu \u00e9galement une contribution de 3\u20ac pour soutenir le financement des prochaines \u00e9ditions de Sleepless Night.<\/p>\n<p>&nbsp;<\/p>\n<h3><strong>Aylin<\/strong><\/h3>\n<p data-start=\"11\" data-end=\"421\" data-is-last-node=\"\" data-is-only-node=\"\">D&rsquo;origine turque, le pr\u00e9nom Aylin est associ\u00e9 \u00e0 la lune et se traduit par \u00ab halo de lune \u00bb ou \u00ab lumi\u00e8re de la lune \u00bb. Nous avons choisi ce pr\u00e9nom en r\u00e9f\u00e9rence au symbole de Sleepless Night (\u00ab Nuit Blanche \u00bb en fran\u00e7ais) et parce qu&rsquo;il incarne l&rsquo;innocence enfantine. Il repr\u00e9sente une lumi\u00e8re qui guide dans l&rsquo;obscurit\u00e9 les jours les plus sombres des enfants et adolescents b\u00e9n\u00e9ficiaires de vos dons.<\/p>\n<p>&nbsp;<\/p>\n<h3><strong data-start=\"0\" data-end=\"28\">L&rsquo;artiste derri\u00e8re Aylin<\/strong><\/h3>\n<p data-start=\"30\" data-end=\"250\" data-is-last-node=\"\" data-is-only-node=\"\">Aylin a pris vie gr\u00e2ce au talent de Moojay, notre illustratrice. Elle est l&rsquo;artiste \u00e0 l&rsquo;origine de chaque repr\u00e9sentation d&rsquo;Aylin, que ce soit sur nos t-shirts, stickers, affiches, publications ou encore sur nos overlays.<\/p>\n<p>&nbsp;<\/p>\n<hr \/>\n<p>&nbsp;<\/p>\n<h3><strong>Un produit engag\u00e9<\/strong><\/h3>\n<p><img loading=\"lazy\" decoding=\"async\" class=\"alignnone wp-image-372\" src=\"https:\/\/boutique.sleeplessnight.fr\/wp-content\/uploads\/2024\/10\/oekotex_1-300x174.png\" alt=\"\" width=\"180\" height=\"104\" srcset=\"https:\/\/boutique.sleeplessnight.fr\/wp-content\/uploads\/2024\/10\/oekotex_1-300x174.png 300w, https:\/\/boutique.sleeplessnight.fr\/wp-content\/uploads\/2024\/10\/oekotex_1.png 400w\" sizes=\"(max-width: 180px) 100vw, 180px\" \/><\/p>\n<p><strong>STANDARD 100 by OEKO-TEX\u00ae<\/strong><br \/>\n<strong>Garantie au consommateur des produits s\u00fbrs<\/strong>. Le label STANDARD 100 appos\u00e9 sur un article textile s<strong>ignifie que vous pouvez \u00eatre certain que chaque composant de cet article<\/strong>, c&rsquo;est-\u00e0-dire chaque fil, bouton et autre accessoire, <strong>a \u00e9t\u00e9 test\u00e9 pour d\u00e9tecter les substances nocives<\/strong> et que l&rsquo;article est donc sans danger pour la sant\u00e9 humaine. Les instituts et laboratoires ind\u00e9pendants qui testent les produits prennent en compte de nombreuses substances r\u00e9glement\u00e9es et non r\u00e9glement\u00e9es, qui peuvent \u00eatre nocives pour la sant\u00e9 humaine.<\/p>\n<p>&nbsp;<\/p>\n<p><img loading=\"lazy\" decoding=\"async\" class=\"alignnone wp-image-371\" src=\"https:\/\/boutique.sleeplessnight.fr\/wp-content\/uploads\/2024\/10\/certification_peta_vegan-300x131.png\" alt=\"\" width=\"181\" height=\"79\" srcset=\"https:\/\/boutique.sleeplessnight.fr\/wp-content\/uploads\/2024\/10\/certification_peta_vegan-300x131.png 300w, https:\/\/boutique.sleeplessnight.fr\/wp-content\/uploads\/2024\/10\/certification_peta_vegan.png 400w\" sizes=\"(max-width: 181px) 100vw, 181px\" \/><br \/>\n<strong>People for the Ethical Treatment of Animals (PETA)<\/strong> est la plus grande organisation de d\u00e9fense des animaux au monde avec plus de 9 millions de membres et de sympathisants. Le logo <strong>PETA-Approved Vegan met en \u00e9vidence les v\u00eatements<\/strong>, accessoires, mobilier et objets de d\u00e9coration faits \u00e0 partir d&rsquo;alternatives vegan, <strong>ne contenant aucune mati\u00e8re animale<\/strong> comme le cuir, la fourrure, la soie, les plumes ou les os.<\/p>\n<p>&nbsp;<\/p>\n<hr \/>\n","protected":false},"excerpt":{"rendered":"<p>Portez fi\u00e8rement les couleurs de Sleepless Night avec le t-shirt de l&rsquo;\u00e9dition 2025, con\u00e7u pour incarner l\u2019esprit de notre \u00e9v\u00e9nement. En choisissant ce t-shirt, vous devenez un ambassadeur de la solidarit\u00e9 et de l\u2019engagement, tout en montrant votre soutien \u00e0 notre cause.<\/p>\n","protected":false},"featured_media":373,"template":"","meta":[],"product_brand":[],"product_cat":[34,38],"product_tag":[],"class_list":{"0":"post-55","1":"product","2":"type-product","3":"status-publish","4":"has-post-thumbnail","6":"product_cat-34","7":"product_cat-t-shirt","9":"first","10":"outofstock","11":"taxable","12":"shipping-taxable","13":"purchasable","14":"product-type-variable"},"_links":{"self":[{"href":"https:\/\/boutique.sleeplessnight.fr\/index.php?rest_route=\/wp\/v2\/product\/55"}],"collection":[{"href":"https:\/\/boutique.sleeplessnight.fr\/index.php?rest_route=\/wp\/v2\/product"}],"about":[{"href":"https:\/\/boutique.sleeplessnight.fr\/index.php?rest_route=\/wp\/v2\/types\/product"}],"wp:featuredmedia":[{"embeddable":true,"href":"https:\/\/boutique.sleeplessnight.fr\/index.php?rest_route=\/wp\/v2\/media\/373"}],"wp:attachment":[{"href":"https:\/\/boutique.sleeplessnight.fr\/index.php?rest_route=%2Fwp%2Fv2%2Fmedia&parent=55"}],"wp:term":[{"taxonomy":"product_brand","embeddable":true,"href":"https:\/\/boutique.sleeplessnight.fr\/index.php?rest_route=%2Fwp%2Fv2%2Fproduct_brand&post=55"},{"taxonomy":"product_cat","embeddable":true,"href":"https:\/\/boutique.sleeplessnight.fr\/index.php?rest_route=%2Fwp%2Fv2%2Fproduct_cat&post=55"},{"taxonomy":"product_tag","embeddable":true,"href":"https:\/\/boutique.sleeplessnight.fr\/index.php?rest_route=%2Fwp%2Fv2%2Fproduct_tag&post=55"}],"curies":[{"name":"wp","href":"https:\/\/api.w.org\/{rel}","templated":true}]}}