{"id":327,"date":"2025-02-01T16:44:26","date_gmt":"2025-02-01T15:44:26","guid":{"rendered":"https:\/\/boutique.sleeplessnight.fr\/?post_type=product&#038;p=327"},"modified":"2025-03-06T08:56:42","modified_gmt":"2025-03-06T07:56:42","slug":"pack-de-6-stickers-aylin","status":"publish","type":"product","link":"https:\/\/boutique.sleeplessnight.fr\/?product=pack-de-6-stickers-aylin","title":{"rendered":"Pack de 6 Stickers Aylin"},"content":{"rendered":"<p>Pour chaque pack de stickers achet\u00e9, nous nous engageons \u00e0 reverser 1\u202f\u20ac \u00e0 l&rsquo;Association Petits Princes sous forme de don. Contrairement \u00e0 nos t-shirts, ce produit n&rsquo;inclut aucune contribution destin\u00e9e au financement des prochaines \u00e9ditions, ce qui nous permet de maintenir un prix de vente accessible \u00e0 tous.<\/p>\n<p>&nbsp;<\/p>\n<h3><strong data-start=\"0\" data-end=\"9\">Aylin<\/strong><\/h3>\n<p data-start=\"11\" data-end=\"421\" data-is-last-node=\"\" data-is-only-node=\"\">D&rsquo;origine turque, le pr\u00e9nom Aylin est associ\u00e9 \u00e0 la lune et se traduit par \u00ab halo de lune \u00bb ou \u00ab lumi\u00e8re de la lune \u00bb. Nous avons choisi ce pr\u00e9nom en r\u00e9f\u00e9rence au symbole de Sleepless Night (\u00ab Nuit Blanche \u00bb en fran\u00e7ais) et parce qu&rsquo;il incarne l&rsquo;innocence enfantine. Il repr\u00e9sente une lumi\u00e8re qui guide dans l&rsquo;obscurit\u00e9 les jours les plus sombres des enfants et adolescents b\u00e9n\u00e9ficiaires de vos dons.<\/p>\n<p>&nbsp;<\/p>\n<h3 data-start=\"11\" data-end=\"421\"><strong data-start=\"0\" data-end=\"28\">L&rsquo;artiste derri\u00e8re Aylin<\/strong><\/h3>\n<p data-start=\"30\" data-end=\"250\" data-is-last-node=\"\" data-is-only-node=\"\">Aylin a pris vie gr\u00e2ce au talent de Moojay, notre illustratrice. Elle est l&rsquo;artiste \u00e0 l&rsquo;origine de chaque repr\u00e9sentation d&rsquo;Aylin, que ce soit sur nos t-shirts, stickers, affiches, publications ou encore sur nos overlays.<\/p>\n<p>&nbsp;<\/p>\n<h3 data-start=\"30\" data-end=\"250\"><strong data-start=\"0\" data-end=\"17\">La conception<\/strong><\/h3>\n<p data-start=\"19\" data-end=\"258\" data-is-last-node=\"\" data-is-only-node=\"\">Nos stickers sont confectionn\u00e9s artisanalement par Tasty Pop, une entreprise reconnue pour son savoir-faire. Gr\u00e2ce au talent et \u00e0 l&rsquo;expertise de Sohlia, entrepreneuse passionn\u00e9e, nous vous offrons des stickers d&rsquo;une qualit\u00e9 exceptionnelle.<\/p>\n<p>&nbsp;<\/p>\n<hr \/>\n<p>&nbsp;<\/p>\n<h3><strong>Conseils d&rsquo;utilisation<\/strong><\/h3>\n<p>Nos stickers sont r\u00e9sistants \u00e0 l&rsquo;eau mais pas totalement \u00e9tanches ! (Adieu si tu les passes au lave-vaisselle !)<\/p>\n<p>Si jamais ton sticker a \u00e9t\u00e9 expos\u00e9 \u00e0 l&rsquo;eau trop longtemps, consulte la <a href=\"https:\/\/www.tasty-pop.com\/faq-tasty-pop\">FAQ du site<\/a> !<\/p>\n<p>Attention : \u00e9vite d&rsquo;afficher ton plus beau sticker (m\u00eame s&rsquo;il est magnifique, on est d&rsquo;accord !) sur une baie vitr\u00e9e expos\u00e9e plein Sud \u2014 les couleurs risqueraient de p\u00e2lir !<\/p>\n<p>Tu peux les coller partout, mais privil\u00e9gie une surface propre et lisse plut\u00f4t qu&rsquo;un mur en briques poreux qui s&rsquo;effrite.<\/p>\n<p>&nbsp;<\/p>\n<hr \/>\n<p><!-- notionvc: e8ee5ffa-882c-4d20-a2cf-bf33172e9c9f --><\/p>\n","protected":false},"excerpt":{"rendered":"<p>D\u00e9couvrez notre collection exclusive de 6 stickers Aylin, avec leurs rares versions holographiques \u00e0 collectionner !<\/p>\n","protected":false},"featured_media":374,"template":"","meta":[],"product_brand":[],"product_cat":[34],"product_tag":[],"class_list":{"0":"post-327","1":"product","2":"type-product","3":"status-publish","4":"has-post-thumbnail","6":"product_cat-34","8":"first","9":"outofstock","10":"taxable","11":"shipping-taxable","12":"purchasable","13":"product-type-simple"},"_links":{"self":[{"href":"https:\/\/boutique.sleeplessnight.fr\/index.php?rest_route=\/wp\/v2\/product\/327"}],"collection":[{"href":"https:\/\/boutique.sleeplessnight.fr\/index.php?rest_route=\/wp\/v2\/product"}],"about":[{"href":"https:\/\/boutique.sleeplessnight.fr\/index.php?rest_route=\/wp\/v2\/types\/product"}],"wp:featuredmedia":[{"embeddable":true,"href":"https:\/\/boutique.sleeplessnight.fr\/index.php?rest_route=\/wp\/v2\/media\/374"}],"wp:attachment":[{"href":"https:\/\/boutique.sleeplessnight.fr\/index.php?rest_route=%2Fwp%2Fv2%2Fmedia&parent=327"}],"wp:term":[{"taxonomy":"product_brand","embeddable":true,"href":"https:\/\/boutique.sleeplessnight.fr\/index.php?rest_route=%2Fwp%2Fv2%2Fproduct_brand&post=327"},{"taxonomy":"product_cat","embeddable":true,"href":"https:\/\/boutique.sleeplessnight.fr\/index.php?rest_route=%2Fwp%2Fv2%2Fproduct_cat&post=327"},{"taxonomy":"product_tag","embeddable":true,"href":"https:\/\/boutique.sleeplessnight.fr\/index.php?rest_route=%2Fwp%2Fv2%2Fproduct_tag&post=327"}],"curies":[{"name":"wp","href":"https:\/\/api.w.org\/{rel}","templated":true}]}}